{"id":2420,"date":"2023-05-18T17:06:56","date_gmt":"2023-05-18T15:06:56","guid":{"rendered":"http:\/\/www.ambiente-spa.eu\/?page_id=2420"},"modified":"2023-12-07T14:25:00","modified_gmt":"2023-12-07T13:25:00","slug":"prenotazione-scuola","status":"publish","type":"page","link":"https:\/\/www.ambiente-spa.eu\/eng\/contatti\/visite-guidate\/prenotazione-scuola\/","title":{"rendered":"School Reservation"},"content":{"rendered":"<div class=\"wpb-content-wrapper\"><section class=\"vc_row wpb_row vc_row-fluid vc_custom_1500633485214 vc-zozo-section typo-default\"><div class=\"zozo-vc-main-row-inner vc-normal-section\"><div class=\"container\"><div class=\"row\"><div class=\"wpb_column vc_main_column vc_column_container vc_col-sm-12 typo-default\"><div class=\"vc_column-inner\"><div class=\"wpb_wrapper\"><div class=\"zozo-parallax-header\"><div class=\"parallax-header content-style-default\"><h2 class=\"parallax-title text-center\">Book for a School<\/h2><\/div><\/div><div class=\"vc_empty_space\"   style=\"height: 20px\"><span class=\"vc_empty_space_inner\"><\/span><\/div><div class=\"vc_row wpb_row vc_inner vc_row-fluid\"><div class=\"zozo-vc-row-inner vc-inner-row-section clearfix\"><div class=\"wpb_column vc_column_inner vc_column_container vc_col-sm-4 typo-default\"><div class=\"vc_column-inner\"><div class=\"wpb_wrapper\">\n\t<div  class=\"wpb_single_image wpb_content_element vc_align_center wpb_content_element\">\n\t\t\n\t\t<figure class=\"wpb_wrapper vc_figure\">\n\t\t\t<div class=\"vc_single_image-wrapper   vc_box_border_grey\"><img decoding=\"async\" width=\"800\" height=\"780\" src=\"https:\/\/www.ambiente-spa.eu\/wp-content\/uploads\/2023\/05\/img-scuola.jpg\" class=\"vc_single_image-img attachment-full\" alt=\"\" title=\"img-scuola\" srcset=\"https:\/\/www.ambiente-spa.eu\/wp-content\/uploads\/2023\/05\/img-scuola.jpg 800w, https:\/\/www.ambiente-spa.eu\/wp-content\/uploads\/2023\/05\/img-scuola-300x293.jpg 300w, https:\/\/www.ambiente-spa.eu\/wp-content\/uploads\/2023\/05\/img-scuola-768x749.jpg 768w, https:\/\/www.ambiente-spa.eu\/wp-content\/uploads\/2023\/05\/img-scuola-12x12.jpg 12w\" sizes=\"(max-width: 800px) 100vw, 800px\" \/><\/div>\n\t\t<\/figure>\n\t<\/div>\n<\/div><\/div><\/div><div class=\"wpb_column vc_column_inner vc_column_container vc_col-sm-8 typo-default\"><div class=\"vc_column-inner\"><div class=\"wpb_wrapper\"><div class=\"zozo-features-list-wrapper vc-features-list\"><div class=\"features-list\"><div class=\"features-list-inner list-text-default\"><div class=\"features-icon\"><i class=\"fas fa-user-graduate list-icon\" style=\"font-size:20px;\"><\/i><\/div><div class=\"list-desc\" style=\"margin-left:40px;\"><h5>A maximum of 50 students can be accommodated<\/h5>\n<\/div><\/div><\/div><\/div><div class=\"vc_empty_space\"   style=\"height: 10px\"><span class=\"vc_empty_space_inner\"><\/span><\/div><div class=\"zozo-features-list-wrapper vc-features-list\"><div class=\"features-list\"><div class=\"features-list-inner list-text-default\"><div class=\"features-icon\"><i class=\"fas fa-chalkboard-teacher list-icon\" style=\"font-size:20px;\"><\/i><\/div><div class=\"list-desc\" style=\"margin-left:40px;\"><h5>At least 1 teacher for every 10 students must be present<\/h5>\n<\/div><\/div><\/div><\/div><div class=\"vc_empty_space\"   style=\"height: 10px\"><span class=\"vc_empty_space_inner\"><\/span><\/div><div class=\"zozo-features-list-wrapper vc-features-list\"><div class=\"features-list\"><div class=\"features-list-inner list-text-default\"><div class=\"features-icon\"><i class=\"fas fa-bus list-icon\" style=\"font-size:20px;\"><\/i><\/div><div class=\"list-desc\" style=\"margin-left:40px;\"><h5>The bus is at the expense of the applicant<\/h5>\n<\/div><\/div><\/div><\/div><div class=\"vc_empty_space\"   style=\"height: 30px\"><span class=\"vc_empty_space_inner\"><\/span><\/div><div class=\"vc_separator wpb_content_element vc_separator_align_center vc_sep_width_100 vc_sep_border_width_2 vc_sep_pos_align_center vc_separator_no_text vc_sep_color_grey wpb_content_element  wpb_content_element\" ><span class=\"vc_sep_holder vc_sep_holder_l\"><span class=\"vc_sep_line\"><\/span><\/span><span class=\"vc_sep_holder vc_sep_holder_r\"><span class=\"vc_sep_line\"><\/span><\/span>\n<\/div><div class=\"vc_empty_space\"   style=\"height: 30px\"><span class=\"vc_empty_space_inner\"><\/span><\/div>\n<div class=\"wpcf7 no-js\" id=\"wpcf7-f2415-o1\" lang=\"it-IT\" dir=\"ltr\" data-wpcf7-id=\"2415\">\n<div class=\"screen-reader-response\"><p role=\"status\" aria-live=\"polite\" aria-atomic=\"true\"><\/p> <ul><\/ul><\/div>\n<form action=\"\/eng\/wp-json\/wp\/v2\/pages\/2420#wpcf7-f2415-o1\" method=\"post\" class=\"wpcf7-form init\" aria-label=\"Modulo di contatto\" novalidate=\"novalidate\" data-status=\"init\" data-trp-original-action=\"\/eng\/wp-json\/wp\/v2\/pages\/2420#wpcf7-f2415-o1\">\n<fieldset class=\"hidden-fields-container\"><input type=\"hidden\" name=\"_wpcf7\" value=\"2415\" \/><input type=\"hidden\" name=\"_wpcf7_version\" value=\"6.1.5\" \/><input type=\"hidden\" name=\"_wpcf7_locale\" value=\"it_IT\" \/><input type=\"hidden\" name=\"_wpcf7_unit_tag\" value=\"wpcf7-f2415-o1\" \/><input type=\"hidden\" name=\"_wpcf7_container_post\" value=\"0\" \/><input type=\"hidden\" name=\"_wpcf7_posted_data_hash\" value=\"\" \/><input type=\"hidden\" name=\"_wpcf7_recaptcha_response\" value=\"\" \/>\n<\/fieldset>\n<h3>Select the Company to Visit\n<\/h3>\n<p><span class=\"wpcf7-form-control-wrap\" data-name=\"menu-azienda-da-visitare\"><select class=\"wpcf7-form-control wpcf7-select wpcf7-validates-as-required\" aria-required=\"true\" aria-invalid=\"false\" name=\"menu-azienda-da-visitare\"><option value=\"Ambiente S.p.A.\">Ambiente S.p.A.<\/option><\/select><\/span>\n<\/p>\n<h3>Referent\n<\/h3>\n<p><span class=\"wpcf7-form-control-wrap\" data-name=\"Nome\"><input size=\"40\" maxlength=\"400\" class=\"wpcf7-form-control wpcf7-text wpcf7-validates-as-required\" aria-required=\"true\" aria-invalid=\"false\" placeholder=\"Name and Surname\" value=\"\" type=\"text\" name=\"Nome\" \/><\/span>\n<\/p>\n<p><span class=\"wpcf7-form-control-wrap\" data-name=\"Telefono\"><input size=\"40\" maxlength=\"400\" class=\"wpcf7-form-control wpcf7-tel wpcf7-validates-as-required wpcf7-text wpcf7-validates-as-tel\" aria-required=\"true\" aria-invalid=\"false\" placeholder=\"Telephone\" value=\"\" type=\"tel\" name=\"Telefono\" \/><\/span>\n<\/p>\n<p><span class=\"wpcf7-form-control-wrap\" data-name=\"Email\"><input size=\"40\" maxlength=\"400\" class=\"wpcf7-form-control wpcf7-email wpcf7-validates-as-required wpcf7-text wpcf7-validates-as-email\" aria-required=\"true\" aria-invalid=\"false\" placeholder=\"Email\" value=\"\" type=\"email\" name=\"Email\" \/><\/span>\n<\/p>\n<h3>School\n<\/h3>\n<p><span class=\"wpcf7-form-control-wrap\" data-name=\"Nome-Scuola\"><input size=\"40\" maxlength=\"400\" class=\"wpcf7-form-control wpcf7-text wpcf7-validates-as-required\" aria-required=\"true\" aria-invalid=\"false\" placeholder=\"School Name\" value=\"\" type=\"text\" name=\"Nome-Scuola\" \/><\/span>\n<\/p>\n<p><span class=\"wpcf7-form-control-wrap\" data-name=\"Indirizzo-Scuola\"><input size=\"40\" maxlength=\"400\" class=\"wpcf7-form-control wpcf7-text wpcf7-validates-as-required\" aria-required=\"true\" aria-invalid=\"false\" placeholder=\"Address\" value=\"\" type=\"text\" name=\"Indirizzo-Scuola\" \/><\/span>\n<\/p>\n<p><span class=\"wpcf7-form-control-wrap\" data-name=\"CAP-Scuola\"><input size=\"40\" maxlength=\"400\" class=\"wpcf7-form-control wpcf7-text wpcf7-validates-as-required\" aria-required=\"true\" aria-invalid=\"false\" placeholder=\"C.A.P.\" value=\"\" type=\"text\" name=\"CAP-Scuola\" \/><\/span>\n<\/p>\n<p><span class=\"wpcf7-form-control-wrap\" data-name=\"Comune-Scuola\"><input size=\"40\" maxlength=\"400\" class=\"wpcf7-form-control wpcf7-text wpcf7-validates-as-required\" aria-required=\"true\" aria-invalid=\"false\" placeholder=\"City\" value=\"\" type=\"text\" name=\"Comune-Scuola\" \/><\/span>\n<\/p>\n<p><span class=\"wpcf7-form-control-wrap\" data-name=\"Provincia-Scuola\"><input size=\"40\" maxlength=\"400\" class=\"wpcf7-form-control wpcf7-text wpcf7-validates-as-required\" aria-required=\"true\" aria-invalid=\"false\" placeholder=\"Province\" value=\"\" type=\"text\" name=\"Provincia-Scuola\" \/><\/span>\n<\/p>\n<p><span class=\"wpcf7-form-control-wrap\" data-name=\"Telefono-Scuola\"><input size=\"40\" maxlength=\"400\" class=\"wpcf7-form-control wpcf7-tel wpcf7-validates-as-required wpcf7-text wpcf7-validates-as-tel\" aria-required=\"true\" aria-invalid=\"false\" placeholder=\"Telephone\" value=\"\" type=\"tel\" name=\"Telefono-Scuola\" \/><\/span>\n<\/p>\n<p><span class=\"wpcf7-form-control-wrap\" data-name=\"your-email-Scuola\"><input size=\"40\" maxlength=\"400\" class=\"wpcf7-form-control wpcf7-email wpcf7-validates-as-required wpcf7-text wpcf7-validates-as-email\" aria-required=\"true\" aria-invalid=\"false\" placeholder=\"Email\" value=\"\" type=\"email\" name=\"your-email-Scuola\" \/><\/span>\n<\/p>\n<h3>Participants\n<\/h3>\n<p>Number of Teachers<br \/>\n<span class=\"wpcf7-form-control-wrap\" data-name=\"Numero-Professori\"><input class=\"wpcf7-form-control wpcf7-number wpcf7-validates-as-required wpcf7-validates-as-number\" min=\"1\" max=\"50\" aria-required=\"true\" aria-invalid=\"false\" value=\"0\" type=\"number\" name=\"Numero-Professori\" \/><\/span>\n<\/p>\n<p>Number of Students<br \/>\n<span class=\"wpcf7-form-control-wrap\" data-name=\"Numero-Alunni\"><input class=\"wpcf7-form-control wpcf7-number wpcf7-validates-as-required wpcf7-validates-as-number\" min=\"1\" max=\"50\" aria-required=\"true\" aria-invalid=\"false\" value=\"0\" type=\"number\" name=\"Numero-Alunni\" \/><\/span>\n<\/p>\n<h3>Students with special needs (Indicate any physical limitations)\n<\/h3>\n<p><span class=\"wpcf7-form-control-wrap\" data-name=\"your-message\"><textarea cols=\"5\" rows=\"1\" maxlength=\"2000\" class=\"wpcf7-form-control wpcf7-textarea wpcf7-validates-as-required\" aria-required=\"true\" aria-invalid=\"false\" placeholder=\"Message...\" name=\"your-message\"><\/textarea><\/span>\n<\/p>\n<p><span class=\"wpcf7-form-control-wrap\" data-name=\"accettazione-gdpr\"><span class=\"wpcf7-form-control wpcf7-acceptance\"><span class=\"wpcf7-list-item\"><label><input type=\"checkbox\" name=\"accettazione-gdpr\" value=\"1\" aria-invalid=\"false\" \/><span class=\"wpcf7-list-item-label\">I have read the<a href=\"https:\/\/www.ambiente-spa.eu\/eng\/privacy-policy\/\" rel=\"nofollow\" target=\"_blank\">Privacy Policy and Term of Use<\/a> and I consent the processing of my personal data in compliance with article 13 of Regulation (EU) No 2016\/679 (on the protection of personal data) and of the Legislative Decree 101\/2018.<\/span><\/label><\/span><\/span><\/span><br \/>\n<br \/>\n<input class=\"wpcf7-form-control wpcf7-submit has-spinner\" type=\"submit\" value=\"Send\" \/>\n<\/p>\n<p>* This site is protected by reCAPTCHA and the <a href=\"https:\/\/policies.google.com\/privacy\" rel=\"nofollow\" target=\"_blank\">Privacy Policy<\/a> and <a href=\"https:\/\/policies.google.com\/terms\" rel=\"nofollow\" target=\"_blank\">Terms of Service<\/a> of Google.\n<\/p><div class=\"wpcf7-response-output\" aria-hidden=\"true\"><\/div>\n<input type=\"hidden\" name=\"trp-form-language\" value=\"eng\"\/><\/form>\n<\/div>\n<\/div><\/div><\/div><\/div><\/div><div class=\"vc_empty_space\"   style=\"height: 50px\"><span class=\"vc_empty_space_inner\"><\/span><\/div><\/div><\/div><\/div><\/div><\/div><\/div><\/section>\t\r\n\r\n\r\n\t<section data-vc-full-width=\"true\" data-vc-full-width-init=\"false\" data-vc-stretch-content=\"true\" class=\"vc_row wpb_row vc_row-fluid additional-call-to-action vc_custom_1680269494755 vc_row-has-fill vc_row-no-padding vc-zozo-section typo-light bg-style bg-normal\"><div class=\"zozo-vc-main-row-inner vc-normal-section\"><div class=\"container\"><div class=\"row\"><div class=\"wpb_column vc_main_column vc_column_container vc_col-sm-12 typo-default\"><div class=\"vc_column-inner\"><div class=\"wpb_wrapper\"><div class=\"vc_empty_space\"   style=\"height: 100px\"><span class=\"vc_empty_space_inner\"><\/span><\/div><\/div><\/div><\/div><\/div><\/div><\/div><\/section>\t\r\n\r\n<div class=\"vc_row-full-width vc_clearfix\"><\/div>\n<\/div>","protected":false},"excerpt":{"rendered":"Prenota per una Scuola \u00c8 possibile ospitare al massimo 50 alunni \u00c8 necessario che sia presente almeno 1 insegnante ogni 10 alunni L'autobus \u00e8 a carico del richiedente Seleziona l'Azienda da Visitare Ambiente S.p.A. Referente Scuola Partecipanti Numero Professori Numero Alunni Alunni con esigenze particolari (Indicare eventuali limitazioni fisiche) Ho letto l'Informativa Privacy e acconsento al trattamento dei dati personali...","protected":false},"author":1,"featured_media":0,"parent":2038,"menu_order":0,"comment_status":"closed","ping_status":"closed","template":"template-fullwidth.php","meta":{"_exactmetrics_skip_tracking":false,"_exactmetrics_sitenote_active":false,"_exactmetrics_sitenote_note":"","_exactmetrics_sitenote_category":0,"footnotes":""},"class_list":["post-2420","page","type-page","status-publish","hentry"],"yoast_head":"<!-- This site is optimized with the Yoast SEO plugin v27.4 - https:\/\/yoast.com\/product\/yoast-seo-wordpress\/ -->\n<title>Prenotazione Scuola - Ambiente S.p.A.<\/title>\n<meta name=\"robots\" content=\"index, follow, max-snippet:-1, max-image-preview:large, max-video-preview:-1\" \/>\n<link rel=\"canonical\" href=\"https:\/\/www.ambiente-spa.eu\/eng\/contatti\/visite-guidate\/prenotazione-scuola\/\" \/>\n<meta property=\"og:locale\" content=\"en_GB\" \/>\n<meta property=\"og:type\" content=\"article\" \/>\n<meta property=\"og:title\" content=\"Prenotazione Scuola - Ambiente S.p.A.\" \/>\n<meta property=\"og:url\" content=\"https:\/\/www.ambiente-spa.eu\/eng\/contatti\/visite-guidate\/prenotazione-scuola\/\" \/>\n<meta property=\"og:site_name\" content=\"Ambiente S.p.A.\" \/>\n<meta property=\"article:modified_time\" content=\"2023-12-07T13:25:00+00:00\" \/>\n<meta name=\"twitter:card\" content=\"summary_large_image\" \/>\n<meta name=\"twitter:label1\" content=\"Estimated reading time\" \/>\n\t<meta name=\"twitter:data1\" content=\"1 minute\" \/>\n<script type=\"application\/ld+json\" class=\"yoast-schema-graph\">{\"@context\":\"https:\\\/\\\/schema.org\",\"@graph\":[{\"@type\":\"WebPage\",\"@id\":\"https:\\\/\\\/www.ambiente-spa.eu\\\/contatti\\\/visite-guidate\\\/prenotazione-scuola\\\/\",\"url\":\"https:\\\/\\\/www.ambiente-spa.eu\\\/contatti\\\/visite-guidate\\\/prenotazione-scuola\\\/\",\"name\":\"Prenotazione Scuola - Ambiente S.p.A.\",\"isPartOf\":{\"@id\":\"https:\\\/\\\/www.ambiente-spa.eu\\\/#website\"},\"datePublished\":\"2023-05-18T15:06:56+00:00\",\"dateModified\":\"2023-12-07T13:25:00+00:00\",\"breadcrumb\":{\"@id\":\"https:\\\/\\\/www.ambiente-spa.eu\\\/contatti\\\/visite-guidate\\\/prenotazione-scuola\\\/#breadcrumb\"},\"inLanguage\":\"en-GB\",\"potentialAction\":[{\"@type\":\"ReadAction\",\"target\":[\"https:\\\/\\\/www.ambiente-spa.eu\\\/contatti\\\/visite-guidate\\\/prenotazione-scuola\\\/\"]}]},{\"@type\":\"BreadcrumbList\",\"@id\":\"https:\\\/\\\/www.ambiente-spa.eu\\\/contatti\\\/visite-guidate\\\/prenotazione-scuola\\\/#breadcrumb\",\"itemListElement\":[{\"@type\":\"ListItem\",\"position\":1,\"name\":\"Home\",\"item\":\"https:\\\/\\\/www.ambiente-spa.eu\\\/\"},{\"@type\":\"ListItem\",\"position\":2,\"name\":\"Contatti\",\"item\":\"https:\\\/\\\/www.ambiente-spa.eu\\\/contatti\\\/\"},{\"@type\":\"ListItem\",\"position\":3,\"name\":\"Visite Guidate\",\"item\":\"https:\\\/\\\/www.ambiente-spa.eu\\\/contatti\\\/visite-guidate\\\/\"},{\"@type\":\"ListItem\",\"position\":4,\"name\":\"Prenotazione Scuola\"}]},{\"@type\":\"WebSite\",\"@id\":\"https:\\\/\\\/www.ambiente-spa.eu\\\/#website\",\"url\":\"https:\\\/\\\/www.ambiente-spa.eu\\\/\",\"name\":\"Ambiente S.p.A.\",\"description\":\"In armonia con la natura\",\"potentialAction\":[{\"@type\":\"SearchAction\",\"target\":{\"@type\":\"EntryPoint\",\"urlTemplate\":\"https:\\\/\\\/www.ambiente-spa.eu\\\/?s={search_term_string}\"},\"query-input\":{\"@type\":\"PropertyValueSpecification\",\"valueRequired\":true,\"valueName\":\"search_term_string\"}}],\"inLanguage\":\"en-GB\"}]}<\/script>\n<!-- \/ Yoast SEO plugin. -->","yoast_head_json":{"title":"Prenotazione Scuola - Ambiente S.p.A.","robots":{"index":"index","follow":"follow","max-snippet":"max-snippet:-1","max-image-preview":"max-image-preview:large","max-video-preview":"max-video-preview:-1"},"canonical":"https:\/\/www.ambiente-spa.eu\/eng\/contatti\/visite-guidate\/prenotazione-scuola\/","og_locale":"en_GB","og_type":"article","og_title":"Prenotazione Scuola - Ambiente S.p.A.","og_url":"https:\/\/www.ambiente-spa.eu\/eng\/contatti\/visite-guidate\/prenotazione-scuola\/","og_site_name":"Ambiente S.p.A.","article_modified_time":"2023-12-07T13:25:00+00:00","twitter_card":"summary_large_image","twitter_misc":{"Estimated reading time":"1 minute"},"schema":{"@context":"https:\/\/schema.org","@graph":[{"@type":"WebPage","@id":"https:\/\/www.ambiente-spa.eu\/contatti\/visite-guidate\/prenotazione-scuola\/","url":"https:\/\/www.ambiente-spa.eu\/contatti\/visite-guidate\/prenotazione-scuola\/","name":"Prenotazione Scuola - Ambiente S.p.A.","isPartOf":{"@id":"https:\/\/www.ambiente-spa.eu\/#website"},"datePublished":"2023-05-18T15:06:56+00:00","dateModified":"2023-12-07T13:25:00+00:00","breadcrumb":{"@id":"https:\/\/www.ambiente-spa.eu\/contatti\/visite-guidate\/prenotazione-scuola\/#breadcrumb"},"inLanguage":"en-GB","potentialAction":[{"@type":"ReadAction","target":["https:\/\/www.ambiente-spa.eu\/contatti\/visite-guidate\/prenotazione-scuola\/"]}]},{"@type":"BreadcrumbList","@id":"https:\/\/www.ambiente-spa.eu\/contatti\/visite-guidate\/prenotazione-scuola\/#breadcrumb","itemListElement":[{"@type":"ListItem","position":1,"name":"Home","item":"https:\/\/www.ambiente-spa.eu\/"},{"@type":"ListItem","position":2,"name":"Contatti","item":"https:\/\/www.ambiente-spa.eu\/contatti\/"},{"@type":"ListItem","position":3,"name":"Visite Guidate","item":"https:\/\/www.ambiente-spa.eu\/contatti\/visite-guidate\/"},{"@type":"ListItem","position":4,"name":"Prenotazione Scuola"}]},{"@type":"WebSite","@id":"https:\/\/www.ambiente-spa.eu\/#website","url":"https:\/\/www.ambiente-spa.eu\/","name":"Ambiente S.p.A.","description":"In armonia con la natura","potentialAction":[{"@type":"SearchAction","target":{"@type":"EntryPoint","urlTemplate":"https:\/\/www.ambiente-spa.eu\/?s={search_term_string}"},"query-input":{"@type":"PropertyValueSpecification","valueRequired":true,"valueName":"search_term_string"}}],"inLanguage":"en-GB"}]}},"_links":{"self":[{"href":"https:\/\/www.ambiente-spa.eu\/eng\/wp-json\/wp\/v2\/pages\/2420","targetHints":{"allow":["GET"]}}],"collection":[{"href":"https:\/\/www.ambiente-spa.eu\/eng\/wp-json\/wp\/v2\/pages"}],"about":[{"href":"https:\/\/www.ambiente-spa.eu\/eng\/wp-json\/wp\/v2\/types\/page"}],"author":[{"embeddable":true,"href":"https:\/\/www.ambiente-spa.eu\/eng\/wp-json\/wp\/v2\/users\/1"}],"replies":[{"embeddable":true,"href":"https:\/\/www.ambiente-spa.eu\/eng\/wp-json\/wp\/v2\/comments?post=2420"}],"version-history":[{"count":4,"href":"https:\/\/www.ambiente-spa.eu\/eng\/wp-json\/wp\/v2\/pages\/2420\/revisions"}],"predecessor-version":[{"id":2848,"href":"https:\/\/www.ambiente-spa.eu\/eng\/wp-json\/wp\/v2\/pages\/2420\/revisions\/2848"}],"up":[{"embeddable":true,"href":"https:\/\/www.ambiente-spa.eu\/eng\/wp-json\/wp\/v2\/pages\/2038"}],"wp:attachment":[{"href":"https:\/\/www.ambiente-spa.eu\/eng\/wp-json\/wp\/v2\/media?parent=2420"}],"curies":[{"name":"wp","href":"https:\/\/api.w.org\/{rel}","templated":true}]}}